{"id":1505,"date":"2026-01-25T20:45:03","date_gmt":"2026-01-25T20:45:03","guid":{"rendered":"https:\/\/biostrandlabs.co.uk\/?post_type=product&#038;p=1505"},"modified":"2026-01-25T20:45:04","modified_gmt":"2026-01-25T20:45:04","slug":"fox04","status":"publish","type":"product","link":"https:\/\/biostrandlabs.co.uk\/it\/product\/fox04\/","title":{"rendered":"Fox04"},"content":{"rendered":"<p dir=\"auto\">FOXO4 (spesso indicato come FOXO4-DRI o FOXO4-p53 interferire peptide) \u00e8 una cellula-penetrante sintetico D-retro-inverso peptide progettato per selettivamente indurre apoptosi nelle cellule senescenti. Funziona in modo competitivo l'associazione per il forkhead box O4 (FOXO4) fattore di trascrizione, impedendo la sua interazione con p53 nel nucleo di cellule senescenti. Questa perturbazione versioni di p53 per attivare il pathway apoptotico intrinseco in particolare in cellule che hanno inserito irreversibile senescenza\u2014caratterizzato da una permanente arresto del ciclo cellulare, la secrezione di pro-infiammatori dei tessuti molli, i fattori di perturbare (il fenotipo secretorio associato senescenza o SASP), e la resistenza ai normali segnali di morte cellulare. Eliminando questi disfunzionale \u201czombie\u201d cellule, FOXO4 mira a ridurre l'infiammazione cronica di basso grado (\u201cinflammaging\u201d), ripristinare l'omeostasi dei tessuti, migliorare la funzione degli organi, e di mitigare il declino et\u00e0-correlate. Punto di riferimento gli studi preclinici (in particolare il 2017 la Natura della pubblicazione da Baar et al.) dimostrato che FOXO4-DRI trattamento nei topi anziani e in rapido invecchiamento modelli di mouse ha portato a significativi liquidazione di cellule senescenti, inversione di et\u00e0 fenotipi correlati (compresa la pelliccia densit\u00e0, funzione renale, resistenza fisica e prestazioni comportamentali), ridotto SASP marcatori, e l'estensione di rinforzandone senza largamente intaccare le cellule sane. Successive ricerche hanno esplorato il suo potenziale in modelli di arteriosclerosi, artrosi, fibrosi polmonare, malattie del fegato, e la sua fragilit\u00e0. Nella longevit\u00e0 e biohacking comunit\u00e0, FOXO4-DRI \u00e8 uno dei pi\u00f9 discussi mirati senolytics, in genere ricercato per via sottocutanea o endovenosa (aneddotica\/ricerca dosi spesso nella gamma di 5-25 mg\/kg di peso corporeo, somministrata in cicli di diversi giorni consecutivi seguiti da settimane). Gli utenti di report soggettivi miglioramenti in energia, joint comfort, la qualit\u00e0 della pelle, e il recupero, anche se il dato umano rimane estremamente limitata principalmente estrapolati da modelli animali e piccola osservazione rapporti. Come 2026, FOXO4-DRI non \u00e8 approvato dalla FDA per qualsiasi terapeutico, anti-invecchiamento, trattamento di malattia, o di benessere, l'uso rimane una strettamente sperimentale di ricerca peptide con nessun umano su larga scala studi clinici completati o in corso sistemica senolytic indicazioni. Il profilo di sicurezza in studi su animali appare favorevole senza grandi fuori bersaglio tossicit\u00e0 a dosi efficaci, ma rischi umani sono in gran parte sconosciuti e possono includere reazioni al sito di iniezione, infiammazione transitoria razzi durante delle cellule senescenti liquidazione, potenziali risposte immunitarie al peptide, o imprevisto sulla p53-dipendente processi in tessuti sani. \u00c8 vietato dalla WADA per gli atleti e non dovrebbe mai essere utilizzato senza la stretta supervisione da un operatore sanitario qualificato con esperienza nel senotherapeutics o peptidi auto-amministrazione comporta notevoli rischi di contaminazione da fonti non regolamentate, non corretto dosaggio, gravi reazioni avverse o problemi legali. La priorit\u00e0 evidence-based longevit\u00e0 strategie di esercizio, calorico\/nutrienti di ottimizzazione, il sonno, lo stress, la gestione, e approvato interventi\u2014over non approvati composti di ricerca. Consultare un professionista per valutare l'idoneit\u00e0, e rimanere informati su emergenti dati di trial clinici o sviluppi normativi. FOXO4-DRI non \u00e8 un sostituto per comprovati trattamenti medici o pratiche di vita.<\/p>","protected":false},"excerpt":{"rendered":"<p dir=\"auto\">Comprare FOXO4, un peptide sintetico progettato per colpire le cellule senescenti interrompendo il FOXO4-interazione p53. Questa fase di sperimentazione senolytic agente promuove la liquidazione dei disfunzionale \u201czombie\u201d cellule potenzialmente ridurre l'infiammazione, migliorare la funzione del tessuto, e il sostegno di invecchiamento sano. Studiato per la longevit\u00e0, la fragilit\u00e0 inversione di malattie legate all'et\u00e0 e di mitigazione\u2014non \u00e8 approvato dalla FDA per uso umano.<\/p>","protected":false},"featured_media":1506,"template":"","meta":[],"product_brand":[],"product_cat":[224],"product_tag":[429,426,425,430,428,427,431],"class_list":{"0":"post-1505","1":"product","2":"type-product","3":"status-publish","4":"has-post-thumbnail","6":"product_cat-peptide","7":"product_tag-anti-aging-senescent-cell-clearance","8":"product_tag-foxo4-peptide","9":"product_tag-foxo4-dri","10":"product_tag-longevity-research-peptide","11":"product_tag-p53-foxo4-disruptor","12":"product_tag-senolytic-peptide","13":"product_tag-zombie-cell-eliminator","15":"first","16":"instock","17":"shipping-taxable","18":"purchasable","19":"product-type-variable"},"yoast_head":"<!-- This site is optimized with the Yoast SEO Premium plugin v26.7 (Yoast SEO v26.7) - https:\/\/yoast.com\/wordpress\/plugins\/seo\/ -->\n<title>Buy FOXO4 | Discreet Delivery, Bulk Order<\/title>\n<meta name=\"description\" content=\"Buy FOXO4, a synthetic peptide designed to target senescent cells by disrupting the FOXO4-p53 interaction. It promotes clearance of dysfunctional &quot;zombie&quot; cells\" \/>\n<meta name=\"robots\" content=\"index, follow, max-snippet:-1, max-image-preview:large, max-video-preview:-1\" \/>\n<link rel=\"canonical\" href=\"https:\/\/biostrandlabs.co.uk\/it\/product\/fox04\/\" \/>\n<meta property=\"og:locale\" content=\"it_IT\" \/>\n<meta property=\"og:type\" content=\"article\" \/>\n<meta property=\"og:title\" content=\"Fox04\" \/>\n<meta property=\"og:description\" content=\"Buy FOXO4, a synthetic peptide designed to target senescent cells by disrupting the FOXO4-p53 interaction. It promotes clearance of dysfunctional &quot;zombie&quot; cells\" \/>\n<meta property=\"og:url\" content=\"https:\/\/biostrandlabs.co.uk\/it\/product\/fox04\/\" \/>\n<meta property=\"og:site_name\" content=\"BioStrand Labs\" \/>\n<meta property=\"article:modified_time\" content=\"2026-01-25T20:45:04+00:00\" \/>\n<meta property=\"og:image\" content=\"https:\/\/biostrandlabs.co.uk\/wp-content\/uploads\/2026\/01\/Fox-04.jpeg\" \/>\n\t<meta property=\"og:image:width\" content=\"812\" \/>\n\t<meta property=\"og:image:height\" content=\"1080\" \/>\n\t<meta property=\"og:image:type\" content=\"image\/jpeg\" \/>\n<meta name=\"twitter:card\" content=\"summary_large_image\" \/>\n<meta name=\"twitter:label1\" content=\"Tempo di lettura stimato\" \/>\n\t<meta name=\"twitter:data1\" content=\"3 minuti\" \/>\n<script type=\"application\/ld+json\" class=\"yoast-schema-graph\">{\"@context\":\"https:\/\/schema.org\",\"@graph\":[{\"@type\":\"WebPage\",\"@id\":\"https:\/\/biostrandlabs.co.uk\/product\/fox04\/\",\"url\":\"https:\/\/biostrandlabs.co.uk\/product\/fox04\/\",\"name\":\"Buy FOXO4 | Discreet Delivery, Bulk Order\",\"isPartOf\":{\"@id\":\"https:\/\/biostrandlabs.co.uk\/#website\"},\"primaryImageOfPage\":{\"@id\":\"https:\/\/biostrandlabs.co.uk\/product\/fox04\/#primaryimage\"},\"image\":{\"@id\":\"https:\/\/biostrandlabs.co.uk\/product\/fox04\/#primaryimage\"},\"thumbnailUrl\":\"https:\/\/biostrandlabs.co.uk\/wp-content\/uploads\/2026\/01\/Fox-04.jpeg\",\"datePublished\":\"2026-01-25T20:45:03+00:00\",\"dateModified\":\"2026-01-25T20:45:04+00:00\",\"description\":\"Buy FOXO4, a synthetic peptide designed to target senescent cells by disrupting the FOXO4-p53 interaction. It promotes clearance of dysfunctional \\\"zombie\\\" cells\",\"breadcrumb\":{\"@id\":\"https:\/\/biostrandlabs.co.uk\/product\/fox04\/#breadcrumb\"},\"inLanguage\":\"it-IT\",\"potentialAction\":[{\"@type\":\"ReadAction\",\"target\":[\"https:\/\/biostrandlabs.co.uk\/product\/fox04\/\"]}]},{\"@type\":\"ImageObject\",\"inLanguage\":\"it-IT\",\"@id\":\"https:\/\/biostrandlabs.co.uk\/product\/fox04\/#primaryimage\",\"url\":\"https:\/\/biostrandlabs.co.uk\/wp-content\/uploads\/2026\/01\/Fox-04.jpeg\",\"contentUrl\":\"https:\/\/biostrandlabs.co.uk\/wp-content\/uploads\/2026\/01\/Fox-04.jpeg\",\"width\":812,\"height\":1080,\"caption\":\"Fox04\"},{\"@type\":\"BreadcrumbList\",\"@id\":\"https:\/\/biostrandlabs.co.uk\/product\/fox04\/#breadcrumb\",\"itemListElement\":[{\"@type\":\"ListItem\",\"position\":1,\"name\":\"Home\",\"item\":\"https:\/\/biostrandlabs.co.uk\/\"},{\"@type\":\"ListItem\",\"position\":2,\"name\":\"Shop\",\"item\":\"https:\/\/biostrandlabs.co.uk\/shop\/\"},{\"@type\":\"ListItem\",\"position\":3,\"name\":\"Fox04\"}]},{\"@type\":\"WebSite\",\"@id\":\"https:\/\/biostrandlabs.co.uk\/#website\",\"url\":\"https:\/\/biostrandlabs.co.uk\/\",\"name\":\"Ancho Pharmacy\",\"description\":\"Order Weight-loss drugs and more | No Prescription Required\",\"publisher\":{\"@id\":\"https:\/\/biostrandlabs.co.uk\/#organization\"},\"potentialAction\":[{\"@type\":\"SearchAction\",\"target\":{\"@type\":\"EntryPoint\",\"urlTemplate\":\"https:\/\/biostrandlabs.co.uk\/?s={search_term_string}\"},\"query-input\":{\"@type\":\"PropertyValueSpecification\",\"valueRequired\":true,\"valueName\":\"search_term_string\"}}],\"inLanguage\":\"it-IT\"},{\"@type\":\"Organization\",\"@id\":\"https:\/\/biostrandlabs.co.uk\/#organization\",\"name\":\"Ancho Pharmacy\",\"url\":\"https:\/\/biostrandlabs.co.uk\/\",\"logo\":{\"@type\":\"ImageObject\",\"inLanguage\":\"it-IT\",\"@id\":\"https:\/\/biostrandlabs.co.uk\/#\/schema\/logo\/image\/\",\"url\":\"https:\/\/biostrandlabs.co.uk\/wp-content\/uploads\/2026\/01\/cropped-anchor-site-icon.png\",\"contentUrl\":\"https:\/\/biostrandlabs.co.uk\/wp-content\/uploads\/2026\/01\/cropped-anchor-site-icon.png\",\"width\":512,\"height\":512,\"caption\":\"Ancho Pharmacy\"},\"image\":{\"@id\":\"https:\/\/biostrandlabs.co.uk\/#\/schema\/logo\/image\/\"}}]}<\/script>\n<!-- \/ Yoast SEO Premium plugin. -->","yoast_head_json":{"title":"Acquista FOXO4 | Consegna discreta, ordine all'ingrosso","description":"Acquista FOXO4, un peptide sintetico progettato per colpire le cellule senescenti interrompendo l'interazione FOXO4-p53. Favorisce l'eliminazione delle cellule \"zombie\" disfunzionali.","robots":{"index":"index","follow":"follow","max-snippet":"max-snippet:-1","max-image-preview":"max-image-preview:large","max-video-preview":"max-video-preview:-1"},"canonical":"https:\/\/biostrandlabs.co.uk\/it\/product\/fox04\/","og_locale":"it_IT","og_type":"article","og_title":"Fox04","og_description":"Buy FOXO4, a synthetic peptide designed to target senescent cells by disrupting the FOXO4-p53 interaction. It promotes clearance of dysfunctional \"zombie\" cells","og_url":"https:\/\/biostrandlabs.co.uk\/it\/product\/fox04\/","og_site_name":"BioStrand Labs","article_modified_time":"2026-01-25T20:45:04+00:00","og_image":[{"width":812,"height":1080,"url":"https:\/\/biostrandlabs.co.uk\/wp-content\/uploads\/2026\/01\/Fox-04.jpeg","type":"image\/jpeg"}],"twitter_card":"summary_large_image","twitter_misc":{"Tempo di lettura stimato":"3 minuti"},"schema":{"@context":"https:\/\/schema.org","@graph":[{"@type":"WebPage","@id":"https:\/\/biostrandlabs.co.uk\/product\/fox04\/","url":"https:\/\/biostrandlabs.co.uk\/product\/fox04\/","name":"Acquista FOXO4 | Consegna discreta, ordine all'ingrosso","isPartOf":{"@id":"https:\/\/biostrandlabs.co.uk\/#website"},"primaryImageOfPage":{"@id":"https:\/\/biostrandlabs.co.uk\/product\/fox04\/#primaryimage"},"image":{"@id":"https:\/\/biostrandlabs.co.uk\/product\/fox04\/#primaryimage"},"thumbnailUrl":"https:\/\/biostrandlabs.co.uk\/wp-content\/uploads\/2026\/01\/Fox-04.jpeg","datePublished":"2026-01-25T20:45:03+00:00","dateModified":"2026-01-25T20:45:04+00:00","description":"Acquista FOXO4, un peptide sintetico progettato per colpire le cellule senescenti interrompendo l'interazione FOXO4-p53. Favorisce l'eliminazione delle cellule \"zombie\" disfunzionali.","breadcrumb":{"@id":"https:\/\/biostrandlabs.co.uk\/product\/fox04\/#breadcrumb"},"inLanguage":"it-IT","potentialAction":[{"@type":"ReadAction","target":["https:\/\/biostrandlabs.co.uk\/product\/fox04\/"]}]},{"@type":"ImageObject","inLanguage":"it-IT","@id":"https:\/\/biostrandlabs.co.uk\/product\/fox04\/#primaryimage","url":"https:\/\/biostrandlabs.co.uk\/wp-content\/uploads\/2026\/01\/Fox-04.jpeg","contentUrl":"https:\/\/biostrandlabs.co.uk\/wp-content\/uploads\/2026\/01\/Fox-04.jpeg","width":812,"height":1080,"caption":"Fox04"},{"@type":"BreadcrumbList","@id":"https:\/\/biostrandlabs.co.uk\/product\/fox04\/#breadcrumb","itemListElement":[{"@type":"ListItem","position":1,"name":"Home","item":"https:\/\/biostrandlabs.co.uk\/"},{"@type":"ListItem","position":2,"name":"Shop","item":"https:\/\/biostrandlabs.co.uk\/shop\/"},{"@type":"ListItem","position":3,"name":"Fox04"}]},{"@type":"WebSite","@id":"https:\/\/biostrandlabs.co.uk\/#website","url":"https:\/\/biostrandlabs.co.uk\/","name":"Ancho Farmacia","description":"Order Weight-loss drugs and more | No Prescription Required","publisher":{"@id":"https:\/\/biostrandlabs.co.uk\/#organization"},"potentialAction":[{"@type":"SearchAction","target":{"@type":"EntryPoint","urlTemplate":"https:\/\/biostrandlabs.co.uk\/?s={search_term_string}"},"query-input":{"@type":"PropertyValueSpecification","valueRequired":true,"valueName":"search_term_string"}}],"inLanguage":"it-IT"},{"@type":"Organization","@id":"https:\/\/biostrandlabs.co.uk\/#organization","name":"Ancho Farmacia","url":"https:\/\/biostrandlabs.co.uk\/","logo":{"@type":"ImageObject","inLanguage":"it-IT","@id":"https:\/\/biostrandlabs.co.uk\/#\/schema\/logo\/image\/","url":"https:\/\/biostrandlabs.co.uk\/wp-content\/uploads\/2026\/01\/cropped-anchor-site-icon.png","contentUrl":"https:\/\/biostrandlabs.co.uk\/wp-content\/uploads\/2026\/01\/cropped-anchor-site-icon.png","width":512,"height":512,"caption":"Ancho Pharmacy"},"image":{"@id":"https:\/\/biostrandlabs.co.uk\/#\/schema\/logo\/image\/"}}]}},"_links":{"self":[{"href":"https:\/\/biostrandlabs.co.uk\/it\/wp-json\/wp\/v2\/product\/1505","targetHints":{"allow":["GET"]}}],"collection":[{"href":"https:\/\/biostrandlabs.co.uk\/it\/wp-json\/wp\/v2\/product"}],"about":[{"href":"https:\/\/biostrandlabs.co.uk\/it\/wp-json\/wp\/v2\/types\/product"}],"wp:featuredmedia":[{"embeddable":true,"href":"https:\/\/biostrandlabs.co.uk\/it\/wp-json\/wp\/v2\/media\/1506"}],"wp:attachment":[{"href":"https:\/\/biostrandlabs.co.uk\/it\/wp-json\/wp\/v2\/media?parent=1505"}],"wp:term":[{"taxonomy":"product_brand","embeddable":true,"href":"https:\/\/biostrandlabs.co.uk\/it\/wp-json\/wp\/v2\/product_brand?post=1505"},{"taxonomy":"product_cat","embeddable":true,"href":"https:\/\/biostrandlabs.co.uk\/it\/wp-json\/wp\/v2\/product_cat?post=1505"},{"taxonomy":"product_tag","embeddable":true,"href":"https:\/\/biostrandlabs.co.uk\/it\/wp-json\/wp\/v2\/product_tag?post=1505"}],"curies":[{"name":"wp","href":"https:\/\/api.w.org\/{rel}","templated":true}]}}