{"id":1448,"date":"2026-01-25T19:08:18","date_gmt":"2026-01-25T19:08:18","guid":{"rendered":"https:\/\/biostrandlabs.co.uk\/?post_type=product&#038;p=1448"},"modified":"2026-01-25T19:08:19","modified_gmt":"2026-01-25T19:08:19","slug":"hcg","status":"publish","type":"product","link":"https:\/\/biostrandlabs.co.uk\/it\/product\/hcg\/","title":{"rendered":"HCG"},"content":{"rendered":"<p dir=\"auto\">HCG (Gonadotropina Corionica Umana) \u00e8 un naturale ormone glicoproteico prodotto durante la gravidanza, che imita l'ormone luteinizzante (LH) legandosi ai recettori LH sulle cellule di Leydig nei testicoli, stimolando la produzione di testosterone endogeno, a sostegno della spermatogenesi e mantenere la dimensione dei testicoli e la funzione. Negli uomini, la prescrizione HCG \u00e8 approvato dalla FDA per il trattamento di ipogonadismo ipogonadotropo (per indurre o mantenere la fertilit\u00e0 e i livelli di testosterone) e prepuberale criptorchidismo (testicoli ritenuti). Della salute degli uomini e dell'ormone della ottimizzazione delle pratiche, HCG \u00e8 ampiamente utilizzato off-label per:<\/p>\n<ul dir=\"auto\">\n<li>Prevenire o invertire atrofia testicolare e contrazione durante la terapia sostitutiva di testosterone (TRT) o cicli di steroidi anabolizzanti<\/li>\n<li>Preservare la fertilit\u00e0 e la produzione di sperma negli uomini sul testosterone esogeno o terapie soppressive<\/li>\n<li>Assistenza post-ciclo di terapia (PCT) per ripristinare la naturale asse ipotalamo-ipofisi-testicolare funzione dopo l'uso di steroidi<\/li>\n<li>Mantenere intratesticolare livelli di testosterone essenziale per la spermatogenesi protocolli Tipici di coinvolgere sottocutanee o intramuscolari, iniezioni di 250-500 IU (a volte fino a 1.000 a 2.000 UI) somministrato 2-3 volte a settimana, spesso a fianco di TRT o durante\/dopo cicli di dosaggio rettificate sulla base di esami del sangue (testosterone, estradiolo, LH\/FSH, ematocrito). Evidenze cliniche e la vasta esperienza clinica mostra HCG efficace mantiene volume testicolare, supporta il numero di spermatozoi e la motilit\u00e0 negli uomini di hypogonadal, e aiuta a prevenire il basso testosterone intratesticolare ambiente causato da androgeni esogeni. Quando utilizzato correttamente, HCG pu\u00f2 migliorare l'umore, la libido, l'energia e benessere generale negli uomini e di lungo termine, la terapia del testoterone preservando il naturale segnalazione endocrina. Effetti collaterali comuni includono reazioni al sito di iniezione, lieve ritenzione idrica, ginecomastia o elevati di estradiolo (che richiede un inibitore dell'aromatasi di gestione, in alcuni casi, l'acne, o mal di testa; rare le preoccupazioni coinvolgere eccesso di stimolazione per raggiungere un elevato livello di estradiolo o policitemia. HCG richiede una prescrizione e stretto controllo medico con sangue regolari di monitoraggio (testosterone, estradiolo, l'ematocrito, la PSA) per ottimizzare il dosaggio, a prevenire gli effetti collaterali, e garantire la sicurezza. \u00c8 controindicato nei tumori ormono-dipendenti (ad esempio, alla prostata o al seno), la pubert\u00e0 precoce, o di ipersensibilit\u00e0 nota. Mentre altamente efficace per i suoi scopi previsti, uso di HCG per la perdita di peso (il vecchio Simeone dieta protocol) \u00e8 un protocollo <strong>non supportato<\/strong> la moderna prove ed \u00e8 considerato pericoloso\/non approvato dai principali organizzazioni mediche. Utilizzare sempre HCG solo sotto la guida di un operatore sanitario qualificato con esperienza nel maschile la terapia ormonale per una corretta valutazione, il dosaggio individualizzato, il monitoraggio e l'integrazione in un completo piano di trattamento.<\/li>\n<\/ul>\n<p><span style=\"text-decoration: underline;\"><strong><a href=\"https:\/\/biostrandlabs.co.uk\/it\/product\/peg-mgf\/\">VEDI ANCHE<\/a><\/strong><\/span><\/p>","protected":false},"excerpt":{"rendered":"<p dir=\"auto\">Comprare HCG (Gonadotropina Corionica Umana), una prescrizione di ormone glicoproteico usato per stimolare la produzione di testosterone e di mantenere la funzione testicolare negli uomini. Questo peptide sostiene fertilit\u00e0 conservazione, previene l'atrofia testicolare durante la terapia del testoterone, ed \u00e8 comunemente usato in ormone di ottimizzazione o di post-ciclo di protocolli di recupero. Somministrato per via sottocutanea o intramuscolare sotto la supervisione di un medico.<\/p>","protected":false},"featured_media":1449,"template":"","meta":[],"product_brand":[],"product_cat":[224],"product_tag":[321,369,373,370,371,372,320],"class_list":{"0":"post-1448","1":"product","2":"type-product","3":"status-publish","4":"has-post-thumbnail","6":"product_cat-peptide","7":"product_tag-fertility-preservation","8":"product_tag-hcg","9":"product_tag-hormone-optimization","10":"product_tag-human-chorionic-gonadotropin","11":"product_tag-lh-mimic","12":"product_tag-testicular-atrophy-prevention","13":"product_tag-testosterone-support-peptide","15":"first","16":"instock","17":"shipping-taxable","18":"purchasable","19":"product-type-variable"},"yoast_head":"<!-- This site is optimized with the Yoast SEO Premium plugin v26.7 (Yoast SEO v26.7) - https:\/\/yoast.com\/wordpress\/plugins\/seo\/ -->\n<title>Buy HCG (Human Chorionic Gonadotropin) | Discreet Delivery<\/title>\n<meta name=\"description\" content=\"Buy HCG (Human Chorionic Gonadotropin), a prescription glycoprotein hormone used to stimulate testosterone production and maintain testicular function in men.\" \/>\n<meta name=\"robots\" content=\"index, follow, max-snippet:-1, max-image-preview:large, max-video-preview:-1\" \/>\n<link rel=\"canonical\" href=\"https:\/\/biostrandlabs.co.uk\/it\/product\/hcg\/\" \/>\n<meta property=\"og:locale\" content=\"it_IT\" \/>\n<meta property=\"og:type\" content=\"article\" \/>\n<meta property=\"og:title\" content=\"HCG\" \/>\n<meta property=\"og:description\" content=\"Buy HCG (Human Chorionic Gonadotropin), a prescription glycoprotein hormone used to stimulate testosterone production and maintain testicular function in men.\" \/>\n<meta property=\"og:url\" content=\"https:\/\/biostrandlabs.co.uk\/it\/product\/hcg\/\" \/>\n<meta property=\"og:site_name\" content=\"BioStrand Labs\" \/>\n<meta property=\"article:modified_time\" content=\"2026-01-25T19:08:19+00:00\" \/>\n<meta property=\"og:image\" content=\"https:\/\/biostrandlabs.co.uk\/wp-content\/uploads\/2026\/01\/HCG.jpeg\" \/>\n\t<meta property=\"og:image:width\" content=\"1080\" \/>\n\t<meta property=\"og:image:height\" content=\"794\" \/>\n\t<meta property=\"og:image:type\" content=\"image\/jpeg\" \/>\n<meta name=\"twitter:card\" content=\"summary_large_image\" \/>\n<meta name=\"twitter:label1\" content=\"Tempo di lettura stimato\" \/>\n\t<meta name=\"twitter:data1\" content=\"2 minuti\" \/>\n<script type=\"application\/ld+json\" class=\"yoast-schema-graph\">{\"@context\":\"https:\/\/schema.org\",\"@graph\":[{\"@type\":\"WebPage\",\"@id\":\"https:\/\/biostrandlabs.co.uk\/product\/hcg\/\",\"url\":\"https:\/\/biostrandlabs.co.uk\/product\/hcg\/\",\"name\":\"Buy HCG (Human Chorionic Gonadotropin) | Discreet Delivery\",\"isPartOf\":{\"@id\":\"https:\/\/biostrandlabs.co.uk\/#website\"},\"primaryImageOfPage\":{\"@id\":\"https:\/\/biostrandlabs.co.uk\/product\/hcg\/#primaryimage\"},\"image\":{\"@id\":\"https:\/\/biostrandlabs.co.uk\/product\/hcg\/#primaryimage\"},\"thumbnailUrl\":\"https:\/\/biostrandlabs.co.uk\/wp-content\/uploads\/2026\/01\/HCG.jpeg\",\"datePublished\":\"2026-01-25T19:08:18+00:00\",\"dateModified\":\"2026-01-25T19:08:19+00:00\",\"description\":\"Buy HCG (Human Chorionic Gonadotropin), a prescription glycoprotein hormone used to stimulate testosterone production and maintain testicular function in men.\",\"breadcrumb\":{\"@id\":\"https:\/\/biostrandlabs.co.uk\/product\/hcg\/#breadcrumb\"},\"inLanguage\":\"it-IT\",\"potentialAction\":[{\"@type\":\"ReadAction\",\"target\":[\"https:\/\/biostrandlabs.co.uk\/product\/hcg\/\"]}]},{\"@type\":\"ImageObject\",\"inLanguage\":\"it-IT\",\"@id\":\"https:\/\/biostrandlabs.co.uk\/product\/hcg\/#primaryimage\",\"url\":\"https:\/\/biostrandlabs.co.uk\/wp-content\/uploads\/2026\/01\/HCG.jpeg\",\"contentUrl\":\"https:\/\/biostrandlabs.co.uk\/wp-content\/uploads\/2026\/01\/HCG.jpeg\",\"width\":1080,\"height\":794,\"caption\":\"HCG\"},{\"@type\":\"BreadcrumbList\",\"@id\":\"https:\/\/biostrandlabs.co.uk\/product\/hcg\/#breadcrumb\",\"itemListElement\":[{\"@type\":\"ListItem\",\"position\":1,\"name\":\"Home\",\"item\":\"https:\/\/biostrandlabs.co.uk\/\"},{\"@type\":\"ListItem\",\"position\":2,\"name\":\"Shop\",\"item\":\"https:\/\/biostrandlabs.co.uk\/shop\/\"},{\"@type\":\"ListItem\",\"position\":3,\"name\":\"HCG\"}]},{\"@type\":\"WebSite\",\"@id\":\"https:\/\/biostrandlabs.co.uk\/#website\",\"url\":\"https:\/\/biostrandlabs.co.uk\/\",\"name\":\"Ancho Pharmacy\",\"description\":\"Order Weight-loss drugs and more | No Prescription Required\",\"publisher\":{\"@id\":\"https:\/\/biostrandlabs.co.uk\/#organization\"},\"potentialAction\":[{\"@type\":\"SearchAction\",\"target\":{\"@type\":\"EntryPoint\",\"urlTemplate\":\"https:\/\/biostrandlabs.co.uk\/?s={search_term_string}\"},\"query-input\":{\"@type\":\"PropertyValueSpecification\",\"valueRequired\":true,\"valueName\":\"search_term_string\"}}],\"inLanguage\":\"it-IT\"},{\"@type\":\"Organization\",\"@id\":\"https:\/\/biostrandlabs.co.uk\/#organization\",\"name\":\"Ancho Pharmacy\",\"url\":\"https:\/\/biostrandlabs.co.uk\/\",\"logo\":{\"@type\":\"ImageObject\",\"inLanguage\":\"it-IT\",\"@id\":\"https:\/\/biostrandlabs.co.uk\/#\/schema\/logo\/image\/\",\"url\":\"https:\/\/biostrandlabs.co.uk\/wp-content\/uploads\/2026\/01\/cropped-anchor-site-icon.png\",\"contentUrl\":\"https:\/\/biostrandlabs.co.uk\/wp-content\/uploads\/2026\/01\/cropped-anchor-site-icon.png\",\"width\":512,\"height\":512,\"caption\":\"Ancho Pharmacy\"},\"image\":{\"@id\":\"https:\/\/biostrandlabs.co.uk\/#\/schema\/logo\/image\/\"}}]}<\/script>\n<!-- \/ Yoast SEO Premium plugin. -->","yoast_head_json":{"title":"Acquista HCG (gonadotropina corionica umana) | Consegna discreta","description":"Acquista HCG (gonadotropina corionica umana), un ormone glicoproteico soggetto a prescrizione medica utilizzato per stimolare la produzione di testosterone e mantenere la funzione testicolare negli uomini.","robots":{"index":"index","follow":"follow","max-snippet":"max-snippet:-1","max-image-preview":"max-image-preview:large","max-video-preview":"max-video-preview:-1"},"canonical":"https:\/\/biostrandlabs.co.uk\/it\/product\/hcg\/","og_locale":"it_IT","og_type":"article","og_title":"HCG","og_description":"Buy HCG (Human Chorionic Gonadotropin), a prescription glycoprotein hormone used to stimulate testosterone production and maintain testicular function in men.","og_url":"https:\/\/biostrandlabs.co.uk\/it\/product\/hcg\/","og_site_name":"BioStrand Labs","article_modified_time":"2026-01-25T19:08:19+00:00","og_image":[{"width":1080,"height":794,"url":"https:\/\/biostrandlabs.co.uk\/wp-content\/uploads\/2026\/01\/HCG.jpeg","type":"image\/jpeg"}],"twitter_card":"summary_large_image","twitter_misc":{"Tempo di lettura stimato":"2 minuti"},"schema":{"@context":"https:\/\/schema.org","@graph":[{"@type":"WebPage","@id":"https:\/\/biostrandlabs.co.uk\/product\/hcg\/","url":"https:\/\/biostrandlabs.co.uk\/product\/hcg\/","name":"Acquista HCG (gonadotropina corionica umana) | Consegna discreta","isPartOf":{"@id":"https:\/\/biostrandlabs.co.uk\/#website"},"primaryImageOfPage":{"@id":"https:\/\/biostrandlabs.co.uk\/product\/hcg\/#primaryimage"},"image":{"@id":"https:\/\/biostrandlabs.co.uk\/product\/hcg\/#primaryimage"},"thumbnailUrl":"https:\/\/biostrandlabs.co.uk\/wp-content\/uploads\/2026\/01\/HCG.jpeg","datePublished":"2026-01-25T19:08:18+00:00","dateModified":"2026-01-25T19:08:19+00:00","description":"Acquista HCG (gonadotropina corionica umana), un ormone glicoproteico soggetto a prescrizione medica utilizzato per stimolare la produzione di testosterone e mantenere la funzione testicolare negli uomini.","breadcrumb":{"@id":"https:\/\/biostrandlabs.co.uk\/product\/hcg\/#breadcrumb"},"inLanguage":"it-IT","potentialAction":[{"@type":"ReadAction","target":["https:\/\/biostrandlabs.co.uk\/product\/hcg\/"]}]},{"@type":"ImageObject","inLanguage":"it-IT","@id":"https:\/\/biostrandlabs.co.uk\/product\/hcg\/#primaryimage","url":"https:\/\/biostrandlabs.co.uk\/wp-content\/uploads\/2026\/01\/HCG.jpeg","contentUrl":"https:\/\/biostrandlabs.co.uk\/wp-content\/uploads\/2026\/01\/HCG.jpeg","width":1080,"height":794,"caption":"HCG"},{"@type":"BreadcrumbList","@id":"https:\/\/biostrandlabs.co.uk\/product\/hcg\/#breadcrumb","itemListElement":[{"@type":"ListItem","position":1,"name":"Home","item":"https:\/\/biostrandlabs.co.uk\/"},{"@type":"ListItem","position":2,"name":"Shop","item":"https:\/\/biostrandlabs.co.uk\/shop\/"},{"@type":"ListItem","position":3,"name":"HCG"}]},{"@type":"WebSite","@id":"https:\/\/biostrandlabs.co.uk\/#website","url":"https:\/\/biostrandlabs.co.uk\/","name":"Ancho Farmacia","description":"Order Weight-loss drugs and more | No Prescription Required","publisher":{"@id":"https:\/\/biostrandlabs.co.uk\/#organization"},"potentialAction":[{"@type":"SearchAction","target":{"@type":"EntryPoint","urlTemplate":"https:\/\/biostrandlabs.co.uk\/?s={search_term_string}"},"query-input":{"@type":"PropertyValueSpecification","valueRequired":true,"valueName":"search_term_string"}}],"inLanguage":"it-IT"},{"@type":"Organization","@id":"https:\/\/biostrandlabs.co.uk\/#organization","name":"Ancho Farmacia","url":"https:\/\/biostrandlabs.co.uk\/","logo":{"@type":"ImageObject","inLanguage":"it-IT","@id":"https:\/\/biostrandlabs.co.uk\/#\/schema\/logo\/image\/","url":"https:\/\/biostrandlabs.co.uk\/wp-content\/uploads\/2026\/01\/cropped-anchor-site-icon.png","contentUrl":"https:\/\/biostrandlabs.co.uk\/wp-content\/uploads\/2026\/01\/cropped-anchor-site-icon.png","width":512,"height":512,"caption":"Ancho Pharmacy"},"image":{"@id":"https:\/\/biostrandlabs.co.uk\/#\/schema\/logo\/image\/"}}]}},"_links":{"self":[{"href":"https:\/\/biostrandlabs.co.uk\/it\/wp-json\/wp\/v2\/product\/1448","targetHints":{"allow":["GET"]}}],"collection":[{"href":"https:\/\/biostrandlabs.co.uk\/it\/wp-json\/wp\/v2\/product"}],"about":[{"href":"https:\/\/biostrandlabs.co.uk\/it\/wp-json\/wp\/v2\/types\/product"}],"wp:featuredmedia":[{"embeddable":true,"href":"https:\/\/biostrandlabs.co.uk\/it\/wp-json\/wp\/v2\/media\/1449"}],"wp:attachment":[{"href":"https:\/\/biostrandlabs.co.uk\/it\/wp-json\/wp\/v2\/media?parent=1448"}],"wp:term":[{"taxonomy":"product_brand","embeddable":true,"href":"https:\/\/biostrandlabs.co.uk\/it\/wp-json\/wp\/v2\/product_brand?post=1448"},{"taxonomy":"product_cat","embeddable":true,"href":"https:\/\/biostrandlabs.co.uk\/it\/wp-json\/wp\/v2\/product_cat?post=1448"},{"taxonomy":"product_tag","embeddable":true,"href":"https:\/\/biostrandlabs.co.uk\/it\/wp-json\/wp\/v2\/product_tag?post=1448"}],"curies":[{"name":"wp","href":"https:\/\/api.w.org\/{rel}","templated":true}]}}