{"id":1420,"date":"2026-01-25T18:23:33","date_gmt":"2026-01-25T18:23:33","guid":{"rendered":"https:\/\/biostrandlabs.co.uk\/?post_type=product&#038;p=1420"},"modified":"2026-01-25T18:23:34","modified_gmt":"2026-01-25T18:23:34","slug":"ss-31","status":"publish","type":"product","link":"https:\/\/biostrandlabs.co.uk\/it\/product\/ss-31\/","title":{"rendered":"SS-31"},"content":{"rendered":"<p dir=\"auto\">SS-31, noto anche come Elamipretide o Bendavia, \u00e8 una sintesi di mitocondri penetrante tetrapeptide (D-Arg-Dmt-Lys-Phe-NH\u2082) progettato per mirare selettivamente e si accumulano nella membrana mitocondriale interna. Si lega con alta affinit\u00e0 per cardiolipina\u2014una chiave di fosfolipidi critico per la struttura mitocondriale e la catena di trasporto degli elettroni funzione di stabilizzazione cardiolipina, impedendo il rilascio di citocromo c, riducendo specie reattive dell'ossigeno (ROS) di produzione, e la protezione contro il danno ossidativo, mentre migliorando la sintesi di ATP e bioenergetica mitocondriale. Studi preclinici e presto-fase di sperimentazione sull'uomo hanno esplorato SS-31 potenziale per mitigare la disfunzione mitocondriale in varie condizioni, tra cui insufficienza cardiaca, ischemia-riperfusione, malattie neurodegenerative (ad esempio, il morbo di Alzheimer, il morbo di Parkinson), l'et\u00e0 in declino muscolare (sarcopenia), malattie renali croniche, glaucoma e della primaria, miopatie mitocondriali. In modelli animali, SS-31 ha dimostrato notevoli effetti come il miglioramento della funzione cardiaca, infarto ridotta dimensione post-infarto miocardico, migliorato le prestazioni fisiche e la resistenza muscolare, l'infiammazione \u00e8 diminuita, migliorato la sopravvivenza neuronale e la protezione contro le et\u00e0-correlate mitocondriale declino. In studi clinici umani (di Fase 1\/2 di studi per condizioni come l'insufficienza cardiaca con ridotta frazione di eiezione, primario di malattie mitocondriali, e servizi di degenerazione maculare legata all'et\u00e0), SS-31 ha mostrato promettenti segnali di miglioramento tolleranza all'esercizio fisico, riduzione della fatica, meglio energetica cardiaca, e il miglioramento della qualit\u00e0 della vita, con generalmente favorevole tollerabilit\u00e0. Nel campo del benessere, anti-invecchiamento, e l'ottimizzazione delle prestazioni comunit\u00e0, SS-31 \u00e8 ricercato per via sottocutanea (dosi tipiche in studi 0.25\u201340 mg\/giorno, spesso 4-10 mg al giorno, in aneddotica protocolli) o, talvolta, di attualit\u00e0\/forme orali, con gli utenti di segnalazione di potenziali benefici, come l'aumento di energia, pi\u00f9 veloce recupero da allenamenti o lesioni, ridotto nebbia del cervello, dormire meglio, e in generale di vitalit\u00e0. Tuttavia, SS-31 non \u00e8 approvato dalla FDA per qualsiasi terapeutico, anti-invecchiamento, alle prestazioni o all'uso medico di 2026\u2014resta-un composto, con studi clinici in corso (ad esempio, la Fase 3 per primaria miopatia mitocondriale e insufficienza cardiaca), ma non indicazioni approvate. Effetti indesiderati negli studi clinici sono stati generalmente lievi (reazioni al sito di iniezione, mal di testa, stanchezza, vertigini), anche se a lungo termine di dati di sicurezza \u00e8 limitata. Non \u00e8 classificato come sostanza controllata, ma la disponibilit\u00e0 \u00e8 limitata ai canali di ricerca o selezionare farmacie compounding. Mai utilizzare SS-31 senza la supervisione di un operatore sanitario qualificato con esperienza nel mitocondriale terapie o peptidi auto-amministrazione comporta rischi di contaminazione da fonti non regolamentate, improprio di dosaggio, reazioni avverse, o problemi legali. La priorit\u00e0 approcci basati su dati oggettivi per mitocondriale, la salute, l'energia, o il recupero di consultare un professionista per valutare l'idoneit\u00e0, e di rimanere informati sui risultati della sperimentazione in corso o potenziali future in materia di regolamentazione dello stato. SS-31 non \u00e8 un sostituto per comprovati cure mediche o interventi di stile di vita.<\/p>","protected":false},"excerpt":{"rendered":"<p dir=\"auto\">Comprare SS-31 (Elamipretide), un mitocondri mirati sintetico tetrapeptide ricercato per la sua potente azione antiossidante e protettiva. Questa fase di sperimentazione agente stabilizza cardiolipina, riduce lo stress ossidativo, migliora la funzione mitocondriale, e supporta la produzione di energia\u2014popolare in biohacking e di medicina rigenerativa per i potenziali benefici nell'invecchiamento, il recupero muscolare, la salute del cuore e malattie neurodegenerative. Non \u00e8 approvato dalla FDA per uso umano.<\/p>","protected":false},"featured_media":1421,"template":"","meta":[],"product_brand":[],"product_cat":[224],"product_tag":[352,353,349,354,350,351,348],"class_list":{"0":"post-1420","1":"product","2":"type-product","3":"status-publish","4":"has-post-thumbnail","6":"product_cat-peptide","7":"product_tag-antioxidant-research-peptide","8":"product_tag-cardiolipin-stabilizer","9":"product_tag-elamipretide","10":"product_tag-investigational-mitochondrial-therapy","11":"product_tag-mitochondria-targeted-peptide","12":"product_tag-mitochondrial-protection-peptide","13":"product_tag-ss-31","15":"first","16":"instock","17":"shipping-taxable","18":"purchasable","19":"product-type-variable"},"yoast_head":"<!-- This site is optimized with the Yoast SEO Premium plugin v26.7 (Yoast SEO v26.7) - https:\/\/yoast.com\/wordpress\/plugins\/seo\/ -->\n<title>Buy SS-31 | Discreet Delivery, Bulk Order<\/title>\n<meta name=\"description\" content=\"Buy SS-31 (Elamipretide), a mitochondria-targeted synthetic tetrapeptide researched for its potent antioxidant and protective effects.\" \/>\n<meta name=\"robots\" content=\"index, follow, max-snippet:-1, max-image-preview:large, max-video-preview:-1\" \/>\n<link rel=\"canonical\" href=\"https:\/\/biostrandlabs.co.uk\/it\/product\/ss-31\/\" \/>\n<meta property=\"og:locale\" content=\"it_IT\" \/>\n<meta property=\"og:type\" content=\"article\" \/>\n<meta property=\"og:title\" content=\"SS-31\" \/>\n<meta property=\"og:description\" content=\"Buy SS-31 (Elamipretide), a mitochondria-targeted synthetic tetrapeptide researched for its potent antioxidant and protective effects.\" \/>\n<meta property=\"og:url\" content=\"https:\/\/biostrandlabs.co.uk\/it\/product\/ss-31\/\" \/>\n<meta property=\"og:site_name\" content=\"BioStrand Labs\" \/>\n<meta property=\"article:modified_time\" content=\"2026-01-25T18:23:34+00:00\" \/>\n<meta property=\"og:image\" content=\"https:\/\/biostrandlabs.co.uk\/wp-content\/uploads\/2026\/01\/SS-31.jpeg\" \/>\n\t<meta property=\"og:image:width\" content=\"1044\" \/>\n\t<meta property=\"og:image:height\" content=\"1280\" \/>\n\t<meta property=\"og:image:type\" content=\"image\/jpeg\" \/>\n<meta name=\"twitter:card\" content=\"summary_large_image\" \/>\n<meta name=\"twitter:label1\" content=\"Tempo di lettura stimato\" \/>\n\t<meta name=\"twitter:data1\" content=\"2 minuti\" \/>\n<script type=\"application\/ld+json\" class=\"yoast-schema-graph\">{\"@context\":\"https:\/\/schema.org\",\"@graph\":[{\"@type\":\"WebPage\",\"@id\":\"https:\/\/biostrandlabs.co.uk\/product\/ss-31\/\",\"url\":\"https:\/\/biostrandlabs.co.uk\/product\/ss-31\/\",\"name\":\"Buy SS-31 | Discreet Delivery, Bulk Order\",\"isPartOf\":{\"@id\":\"https:\/\/biostrandlabs.co.uk\/#website\"},\"primaryImageOfPage\":{\"@id\":\"https:\/\/biostrandlabs.co.uk\/product\/ss-31\/#primaryimage\"},\"image\":{\"@id\":\"https:\/\/biostrandlabs.co.uk\/product\/ss-31\/#primaryimage\"},\"thumbnailUrl\":\"https:\/\/biostrandlabs.co.uk\/wp-content\/uploads\/2026\/01\/SS-31.jpeg\",\"datePublished\":\"2026-01-25T18:23:33+00:00\",\"dateModified\":\"2026-01-25T18:23:34+00:00\",\"description\":\"Buy SS-31 (Elamipretide), a mitochondria-targeted synthetic tetrapeptide researched for its potent antioxidant and protective effects.\",\"breadcrumb\":{\"@id\":\"https:\/\/biostrandlabs.co.uk\/product\/ss-31\/#breadcrumb\"},\"inLanguage\":\"it-IT\",\"potentialAction\":[{\"@type\":\"ReadAction\",\"target\":[\"https:\/\/biostrandlabs.co.uk\/product\/ss-31\/\"]}]},{\"@type\":\"ImageObject\",\"inLanguage\":\"it-IT\",\"@id\":\"https:\/\/biostrandlabs.co.uk\/product\/ss-31\/#primaryimage\",\"url\":\"https:\/\/biostrandlabs.co.uk\/wp-content\/uploads\/2026\/01\/SS-31.jpeg\",\"contentUrl\":\"https:\/\/biostrandlabs.co.uk\/wp-content\/uploads\/2026\/01\/SS-31.jpeg\",\"width\":1044,\"height\":1280,\"caption\":\"SS-31\"},{\"@type\":\"BreadcrumbList\",\"@id\":\"https:\/\/biostrandlabs.co.uk\/product\/ss-31\/#breadcrumb\",\"itemListElement\":[{\"@type\":\"ListItem\",\"position\":1,\"name\":\"Home\",\"item\":\"https:\/\/biostrandlabs.co.uk\/\"},{\"@type\":\"ListItem\",\"position\":2,\"name\":\"Shop\",\"item\":\"https:\/\/biostrandlabs.co.uk\/shop\/\"},{\"@type\":\"ListItem\",\"position\":3,\"name\":\"SS-31\"}]},{\"@type\":\"WebSite\",\"@id\":\"https:\/\/biostrandlabs.co.uk\/#website\",\"url\":\"https:\/\/biostrandlabs.co.uk\/\",\"name\":\"Ancho Pharmacy\",\"description\":\"Order Weight-loss drugs and more | No Prescription Required\",\"publisher\":{\"@id\":\"https:\/\/biostrandlabs.co.uk\/#organization\"},\"potentialAction\":[{\"@type\":\"SearchAction\",\"target\":{\"@type\":\"EntryPoint\",\"urlTemplate\":\"https:\/\/biostrandlabs.co.uk\/?s={search_term_string}\"},\"query-input\":{\"@type\":\"PropertyValueSpecification\",\"valueRequired\":true,\"valueName\":\"search_term_string\"}}],\"inLanguage\":\"it-IT\"},{\"@type\":\"Organization\",\"@id\":\"https:\/\/biostrandlabs.co.uk\/#organization\",\"name\":\"Ancho Pharmacy\",\"url\":\"https:\/\/biostrandlabs.co.uk\/\",\"logo\":{\"@type\":\"ImageObject\",\"inLanguage\":\"it-IT\",\"@id\":\"https:\/\/biostrandlabs.co.uk\/#\/schema\/logo\/image\/\",\"url\":\"https:\/\/biostrandlabs.co.uk\/wp-content\/uploads\/2026\/01\/cropped-anchor-site-icon.png\",\"contentUrl\":\"https:\/\/biostrandlabs.co.uk\/wp-content\/uploads\/2026\/01\/cropped-anchor-site-icon.png\",\"width\":512,\"height\":512,\"caption\":\"Ancho Pharmacy\"},\"image\":{\"@id\":\"https:\/\/biostrandlabs.co.uk\/#\/schema\/logo\/image\/\"}}]}<\/script>\n<!-- \/ Yoast SEO Premium plugin. -->","yoast_head_json":{"title":"Acquista SS-31 | Consegna discreta, ordine all'ingrosso","description":"Acquista SS-31 (Elamipretide), un tetrapeptide sintetico mirato ai mitocondri studiato per i suoi potenti effetti antiossidanti e protettivi.","robots":{"index":"index","follow":"follow","max-snippet":"max-snippet:-1","max-image-preview":"max-image-preview:large","max-video-preview":"max-video-preview:-1"},"canonical":"https:\/\/biostrandlabs.co.uk\/it\/product\/ss-31\/","og_locale":"it_IT","og_type":"article","og_title":"SS-31","og_description":"Buy SS-31 (Elamipretide), a mitochondria-targeted synthetic tetrapeptide researched for its potent antioxidant and protective effects.","og_url":"https:\/\/biostrandlabs.co.uk\/it\/product\/ss-31\/","og_site_name":"BioStrand Labs","article_modified_time":"2026-01-25T18:23:34+00:00","og_image":[{"width":1044,"height":1280,"url":"https:\/\/biostrandlabs.co.uk\/wp-content\/uploads\/2026\/01\/SS-31.jpeg","type":"image\/jpeg"}],"twitter_card":"summary_large_image","twitter_misc":{"Tempo di lettura stimato":"2 minuti"},"schema":{"@context":"https:\/\/schema.org","@graph":[{"@type":"WebPage","@id":"https:\/\/biostrandlabs.co.uk\/product\/ss-31\/","url":"https:\/\/biostrandlabs.co.uk\/product\/ss-31\/","name":"Acquista SS-31 | Consegna discreta, ordine all'ingrosso","isPartOf":{"@id":"https:\/\/biostrandlabs.co.uk\/#website"},"primaryImageOfPage":{"@id":"https:\/\/biostrandlabs.co.uk\/product\/ss-31\/#primaryimage"},"image":{"@id":"https:\/\/biostrandlabs.co.uk\/product\/ss-31\/#primaryimage"},"thumbnailUrl":"https:\/\/biostrandlabs.co.uk\/wp-content\/uploads\/2026\/01\/SS-31.jpeg","datePublished":"2026-01-25T18:23:33+00:00","dateModified":"2026-01-25T18:23:34+00:00","description":"Acquista SS-31 (Elamipretide), un tetrapeptide sintetico mirato ai mitocondri studiato per i suoi potenti effetti antiossidanti e protettivi.","breadcrumb":{"@id":"https:\/\/biostrandlabs.co.uk\/product\/ss-31\/#breadcrumb"},"inLanguage":"it-IT","potentialAction":[{"@type":"ReadAction","target":["https:\/\/biostrandlabs.co.uk\/product\/ss-31\/"]}]},{"@type":"ImageObject","inLanguage":"it-IT","@id":"https:\/\/biostrandlabs.co.uk\/product\/ss-31\/#primaryimage","url":"https:\/\/biostrandlabs.co.uk\/wp-content\/uploads\/2026\/01\/SS-31.jpeg","contentUrl":"https:\/\/biostrandlabs.co.uk\/wp-content\/uploads\/2026\/01\/SS-31.jpeg","width":1044,"height":1280,"caption":"SS-31"},{"@type":"BreadcrumbList","@id":"https:\/\/biostrandlabs.co.uk\/product\/ss-31\/#breadcrumb","itemListElement":[{"@type":"ListItem","position":1,"name":"Home","item":"https:\/\/biostrandlabs.co.uk\/"},{"@type":"ListItem","position":2,"name":"Shop","item":"https:\/\/biostrandlabs.co.uk\/shop\/"},{"@type":"ListItem","position":3,"name":"SS-31"}]},{"@type":"WebSite","@id":"https:\/\/biostrandlabs.co.uk\/#website","url":"https:\/\/biostrandlabs.co.uk\/","name":"Ancho Farmacia","description":"Order Weight-loss drugs and more | No Prescription Required","publisher":{"@id":"https:\/\/biostrandlabs.co.uk\/#organization"},"potentialAction":[{"@type":"SearchAction","target":{"@type":"EntryPoint","urlTemplate":"https:\/\/biostrandlabs.co.uk\/?s={search_term_string}"},"query-input":{"@type":"PropertyValueSpecification","valueRequired":true,"valueName":"search_term_string"}}],"inLanguage":"it-IT"},{"@type":"Organization","@id":"https:\/\/biostrandlabs.co.uk\/#organization","name":"Ancho Farmacia","url":"https:\/\/biostrandlabs.co.uk\/","logo":{"@type":"ImageObject","inLanguage":"it-IT","@id":"https:\/\/biostrandlabs.co.uk\/#\/schema\/logo\/image\/","url":"https:\/\/biostrandlabs.co.uk\/wp-content\/uploads\/2026\/01\/cropped-anchor-site-icon.png","contentUrl":"https:\/\/biostrandlabs.co.uk\/wp-content\/uploads\/2026\/01\/cropped-anchor-site-icon.png","width":512,"height":512,"caption":"Ancho Pharmacy"},"image":{"@id":"https:\/\/biostrandlabs.co.uk\/#\/schema\/logo\/image\/"}}]}},"_links":{"self":[{"href":"https:\/\/biostrandlabs.co.uk\/it\/wp-json\/wp\/v2\/product\/1420","targetHints":{"allow":["GET"]}}],"collection":[{"href":"https:\/\/biostrandlabs.co.uk\/it\/wp-json\/wp\/v2\/product"}],"about":[{"href":"https:\/\/biostrandlabs.co.uk\/it\/wp-json\/wp\/v2\/types\/product"}],"wp:featuredmedia":[{"embeddable":true,"href":"https:\/\/biostrandlabs.co.uk\/it\/wp-json\/wp\/v2\/media\/1421"}],"wp:attachment":[{"href":"https:\/\/biostrandlabs.co.uk\/it\/wp-json\/wp\/v2\/media?parent=1420"}],"wp:term":[{"taxonomy":"product_brand","embeddable":true,"href":"https:\/\/biostrandlabs.co.uk\/it\/wp-json\/wp\/v2\/product_brand?post=1420"},{"taxonomy":"product_cat","embeddable":true,"href":"https:\/\/biostrandlabs.co.uk\/it\/wp-json\/wp\/v2\/product_cat?post=1420"},{"taxonomy":"product_tag","embeddable":true,"href":"https:\/\/biostrandlabs.co.uk\/it\/wp-json\/wp\/v2\/product_tag?post=1420"}],"curies":[{"name":"wp","href":"https:\/\/api.w.org\/{rel}","templated":true}]}}