{"id":261,"date":"2020-10-04T18:05:07","date_gmt":"2020-10-04T18:05:07","guid":{"rendered":"http:\/\/klbtheme.com\/medibazar\/?page_id=261"},"modified":"2026-01-25T21:49:11","modified_gmt":"2026-01-25T21:49:11","slug":"nous-contacter","status":"publish","type":"page","link":"https:\/\/biostrandlabs.co.uk\/fr\/nous-contacter\/","title":{"rendered":"Contactez-Nous"},"content":{"rendered":"<div data-elementor-type=\"wp-page\" data-elementor-id=\"261\" class=\"elementor elementor-261\" data-elementor-post-type=\"page\">\n\t\t\t\t\t\t<section class=\"elementor-section elementor-top-section elementor-element elementor-element-38d37d5 elementor-section-full_width elementor-section-height-default elementor-section-height-default\" data-id=\"38d37d5\" data-element_type=\"section\" data-e-type=\"section\">\n\t\t\t\t\t\t<div class=\"elementor-container elementor-column-gap-no\">\n\t\t\t\t\t<div class=\"elementor-column elementor-col-100 elementor-top-column elementor-element elementor-element-12e2885\" data-id=\"12e2885\" data-element_type=\"column\" data-e-type=\"column\">\n\t\t\t<div class=\"elementor-widget-wrap elementor-element-populated\">\n\t\t\t\t\t\t<div class=\"elementor-element elementor-element-9567197 elementor-widget elementor-widget-medibazar-breadcrumb\" data-id=\"9567197\" data-element_type=\"widget\" data-e-type=\"widget\" data-widget_type=\"medibazar-breadcrumb.default\">\n\t\t\t\t<div class=\"elementor-widget-container\">\n\t\t\t\t\t<div class=\"breadcrumb-area pt-125 pb-125\" style=\"background-image:url(https:\/\/klbtheme.com\/medibazar\/wp-content\/uploads\/2020\/10\/breadcrumb.jpg)\"><div class=\"container\"><div class=\"klb-breadcrumb-wrapper\"><div class=\"row\"><div class=\"col-xl-12\"><div class=\"breadcrumb-text\"><h1>Contactez-Nous<\/h1><\/div><\/div><ul class=\"breadcrumb-menu\"><li><a  href=\"https:\/\/biostrandlabs.co.uk\/fr\" title=\"La maison\" rel=\"bookmark\">La maison<\/a> <\/li>  <\/ul><\/div><\/div><\/div><\/div>\t\t\t\t<\/div>\n\t\t\t\t<\/div>\n\t\t\t\t\t<\/div>\n\t\t<\/div>\n\t\t\t\t\t<\/div>\n\t\t<\/section>\n\t\t\t\t<section class=\"elementor-section elementor-top-section elementor-element elementor-element-543fef7 elementor-section-content-middle elementor-section-boxed elementor-section-height-default elementor-section-height-default\" data-id=\"543fef7\" data-element_type=\"section\" data-e-type=\"section\">\n\t\t\t\t\t\t<div class=\"elementor-container elementor-column-gap-extended\">\n\t\t\t\t\t<div class=\"elementor-column elementor-col-33 elementor-top-column elementor-element elementor-element-d0e230e\" data-id=\"d0e230e\" data-element_type=\"column\" data-e-type=\"column\">\n\t\t\t<div class=\"elementor-widget-wrap elementor-element-populated\">\n\t\t\t\t\t\t<div class=\"elementor-element elementor-element-aa2b926 elementor-widget elementor-widget-medibazar-contact-list\" data-id=\"aa2b926\" data-element_type=\"widget\" data-e-type=\"widget\" data-widget_type=\"medibazar-contact-list.default\">\n\t\t\t\t<div class=\"elementor-widget-container\">\n\t\t\t\t\t<div class=\"contact-address-wrapper\"><div class=\"section-title mb-30\"><h2>Contactez-Nous<\/h2><p>Entrer en contact<\/p><\/div><ul class=\"contact-address-link\"><li><div class=\"contact-address-icon f-left mr-25\"><i class=\"far fa-map-marked-alt\"><\/i><\/div><div class=\"contact-address-text\"><span>Adresse<\/span><h4>Middlesbrough, Royaume-Uni <br>\nLos Angeles, Californie, \u00c9tats-Unis\n<\/h4><\/div><\/li><li><div class=\"contact-address-icon f-left mr-25\"><i class=\"far fa-phone\"><\/i><\/div><div class=\"contact-address-text\"><span>num\u00e9ro de t\u00e9l\u00e9phone<\/span><h4>+1 323 620-7726 <br> +44 7417 425865<\/h4><\/div><\/li><li><div class=\"contact-address-icon f-left mr-25\"><i class=\"far fa-envelope-open\"><\/i><\/div><div class=\"contact-address-text\"><span>e-mail<\/span><h4>info@biostrandlabs.co.uk <br> <\/h4><\/div><\/li><li><div class=\"contact-address-icon f-left mr-25\"><i class=\"far fa-clock\"><\/i><\/div><div class=\"contact-address-text\"><span>heures de travail<\/span><h4>Dimanche - lundi, <br> 08:00 - 03:00<\/h4><\/div><\/li><\/ul><\/div>\t\t\t\t<\/div>\n\t\t\t\t<\/div>\n\t\t\t\t\t<\/div>\n\t\t<\/div>\n\t\t\t\t<div class=\"elementor-column elementor-col-66 elementor-top-column elementor-element elementor-element-fcdb12f\" data-id=\"fcdb12f\" data-element_type=\"column\" data-e-type=\"column\">\n\t\t\t<div class=\"elementor-widget-wrap elementor-element-populated\">\n\t\t\t\t\t\t<div class=\"elementor-element elementor-element-07d9634 elementor-widget elementor-widget-medibazar-single-image\" data-id=\"07d9634\" data-element_type=\"widget\" data-e-type=\"widget\" data-widget_type=\"medibazar-single-image.default\">\n\t\t\t\t<div class=\"elementor-widget-container\">\n\t\t\t\t\t<div class=\"contact-img\"><img decoding=\"async\" src=\"https:\/\/klbtheme.com\/medibazar\/wp-content\/uploads\/2020\/10\/contact.jpg\" alt=\"image\"><div class=\"shape-item con-01\"><img decoding=\"async\" src=\"https:\/\/klbtheme.com\/medibazar\/wp-content\/uploads\/2020\/10\/shape.png\" alt=\"forme\"><\/div><\/div>\t\t\t\t<\/div>\n\t\t\t\t<\/div>\n\t\t\t\t\t<\/div>\n\t\t<\/div>\n\t\t\t\t\t<\/div>\n\t\t<\/section>\n\t\t\t\t<section class=\"elementor-section elementor-top-section elementor-element elementor-element-89d565c elementor-section-full_width elementor-section-height-default elementor-section-height-default\" data-id=\"89d565c\" data-element_type=\"section\" data-e-type=\"section\">\n\t\t\t\t\t\t<div class=\"elementor-container elementor-column-gap-no\">\n\t\t\t\t\t<div class=\"elementor-column elementor-col-100 elementor-top-column elementor-element elementor-element-8935641\" data-id=\"8935641\" data-element_type=\"column\" data-e-type=\"column\">\n\t\t\t<div class=\"elementor-widget-wrap elementor-element-populated\">\n\t\t\t\t\t\t<div class=\"elementor-element elementor-element-aa2caf5 elementor-widget elementor-widget-text-editor\" data-id=\"aa2caf5\" data-element_type=\"widget\" data-e-type=\"widget\" data-widget_type=\"text-editor.default\">\n\t\t\t\t\t\t\t\t\t<iframe src=\"https:\/\/www.google.com\/maps\/embed?pb=!1m18!1m12!1m3!1d37020.9283541294!2d-1.3009849618567244!3d54.5545096061704!2m3!1f0!2f0!3f0!3m2!1i1024!2i768!4f13.1!3m3!1m2!1s0x487e935561999019%3A0x6f839f20e3c1fa9c!2sMiddlesbrough%2C%20UK!5e0!3m2!1sen!2srw!4v1769377663090!5m2!1sen!2srw\" width=\"600\" height=\"450\" style=\"border:0;\" allowfullscreen=\"\" loading=\"lazy\" referrerpolicy=\"no-referrer-when-downgrade\"><\/iframe>\t\t\t\t\t\t\t\t<\/div>\n\t\t\t\t\t<\/div>\n\t\t<\/div>\n\t\t\t\t\t<\/div>\n\t\t<\/section>\n\t\t\t\t<\/div>","protected":false},"excerpt":{"rendered":"<p>Contact Us Home Contact Us Get in touch Address Middlesbrough, UK Los Angeles CA, USA phone number +1 323 620-7726 +44 7417 425865 email info@biostrandlabs.co.uk working hours Sunday &#8211; Monday, 08 am &#8211; 03 am<\/p>","protected":false},"author":1,"featured_media":0,"parent":0,"menu_order":0,"comment_status":"closed","ping_status":"closed","template":"","meta":{"footnotes":""},"class_list":["post-261","page","type-page","status-publish","hentry"],"yoast_head":"<!-- This site is optimized with the Yoast SEO Premium plugin v26.7 (Yoast SEO v27.4) - https:\/\/yoast.com\/product\/yoast-seo-premium-wordpress\/ -->\n<title>Contact Us - BioStrand Labs<\/title>\n<meta name=\"robots\" content=\"index, follow, max-snippet:-1, max-image-preview:large, max-video-preview:-1\" \/>\n<link rel=\"canonical\" href=\"https:\/\/biostrandlabs.co.uk\/fr\/nous-contacter\/\" \/>\n<meta property=\"og:locale\" content=\"fr_FR\" \/>\n<meta property=\"og:type\" content=\"article\" \/>\n<meta property=\"og:title\" content=\"Contact Us\" \/>\n<meta property=\"og:description\" content=\"Contact Us Home Contact Us Get in touch Address Middlesbrough, UK Los Angeles CA, USA phone number +1 323 620-7726 +44 7417 425865 email info@biostrandlabs.co.uk working hours Sunday &#8211; Monday, 08 am &#8211; 03 am\" \/>\n<meta property=\"og:url\" content=\"https:\/\/biostrandlabs.co.uk\/fr\/nous-contacter\/\" \/>\n<meta property=\"og:site_name\" content=\"BioStrand Labs\" \/>\n<meta property=\"article:modified_time\" content=\"2026-01-25T21:49:11+00:00\" \/>\n<meta property=\"og:image\" content=\"https:\/\/klbtheme.com\/medibazar\/wp-content\/uploads\/2020\/10\/contact.jpg\" \/>\n<meta name=\"twitter:card\" content=\"summary_large_image\" \/>\n<meta name=\"twitter:label1\" content=\"Dur\u00e9e de lecture estim\u00e9e\" \/>\n\t<meta name=\"twitter:data1\" content=\"1 minute\" \/>\n<script type=\"application\/ld+json\" class=\"yoast-schema-graph\">{\"@context\":\"https:\\\/\\\/schema.org\",\"@graph\":[{\"@type\":\"WebPage\",\"@id\":\"https:\\\/\\\/biostrandlabs.co.uk\\\/contact-us\\\/\",\"url\":\"https:\\\/\\\/biostrandlabs.co.uk\\\/contact-us\\\/\",\"name\":\"Contact Us - BioStrand Labs\",\"isPartOf\":{\"@id\":\"https:\\\/\\\/biostrandlabs.co.uk\\\/#website\"},\"primaryImageOfPage\":{\"@id\":\"https:\\\/\\\/biostrandlabs.co.uk\\\/contact-us\\\/#primaryimage\"},\"image\":{\"@id\":\"https:\\\/\\\/biostrandlabs.co.uk\\\/contact-us\\\/#primaryimage\"},\"thumbnailUrl\":\"https:\\\/\\\/klbtheme.com\\\/medibazar\\\/wp-content\\\/uploads\\\/2020\\\/10\\\/contact.jpg\",\"datePublished\":\"2020-10-04T18:05:07+00:00\",\"dateModified\":\"2026-01-25T21:49:11+00:00\",\"breadcrumb\":{\"@id\":\"https:\\\/\\\/biostrandlabs.co.uk\\\/contact-us\\\/#breadcrumb\"},\"inLanguage\":\"fr-FR\",\"potentialAction\":[{\"@type\":\"ReadAction\",\"target\":[\"https:\\\/\\\/biostrandlabs.co.uk\\\/contact-us\\\/\"]}]},{\"@type\":\"ImageObject\",\"inLanguage\":\"fr-FR\",\"@id\":\"https:\\\/\\\/biostrandlabs.co.uk\\\/contact-us\\\/#primaryimage\",\"url\":\"https:\\\/\\\/klbtheme.com\\\/medibazar\\\/wp-content\\\/uploads\\\/2020\\\/10\\\/contact.jpg\",\"contentUrl\":\"https:\\\/\\\/klbtheme.com\\\/medibazar\\\/wp-content\\\/uploads\\\/2020\\\/10\\\/contact.jpg\"},{\"@type\":\"BreadcrumbList\",\"@id\":\"https:\\\/\\\/biostrandlabs.co.uk\\\/contact-us\\\/#breadcrumb\",\"itemListElement\":[{\"@type\":\"ListItem\",\"position\":1,\"name\":\"Home\",\"item\":\"https:\\\/\\\/biostrandlabs.co.uk\\\/\"},{\"@type\":\"ListItem\",\"position\":2,\"name\":\"Contact Us\"}]},{\"@type\":\"WebSite\",\"@id\":\"https:\\\/\\\/biostrandlabs.co.uk\\\/#website\",\"url\":\"https:\\\/\\\/biostrandlabs.co.uk\\\/\",\"name\":\"BioStrand Labs\",\"description\":\"Order Weight-loss drugs and more | No Prescription Required\",\"publisher\":{\"@id\":\"https:\\\/\\\/biostrandlabs.co.uk\\\/#organization\"},\"alternateName\":\"BSL\",\"potentialAction\":[{\"@type\":\"SearchAction\",\"target\":{\"@type\":\"EntryPoint\",\"urlTemplate\":\"https:\\\/\\\/biostrandlabs.co.uk\\\/?s={search_term_string}\"},\"query-input\":{\"@type\":\"PropertyValueSpecification\",\"valueRequired\":true,\"valueName\":\"search_term_string\"}}],\"inLanguage\":\"fr-FR\"},{\"@type\":\"Organization\",\"@id\":\"https:\\\/\\\/biostrandlabs.co.uk\\\/#organization\",\"name\":\"Ancho Pharmacy\",\"url\":\"https:\\\/\\\/biostrandlabs.co.uk\\\/\",\"logo\":{\"@type\":\"ImageObject\",\"inLanguage\":\"fr-FR\",\"@id\":\"https:\\\/\\\/biostrandlabs.co.uk\\\/#\\\/schema\\\/logo\\\/image\\\/\",\"url\":\"https:\\\/\\\/biostrandlabs.co.uk\\\/wp-content\\\/uploads\\\/2026\\\/01\\\/cropped-anchor-site-icon.png\",\"contentUrl\":\"https:\\\/\\\/biostrandlabs.co.uk\\\/wp-content\\\/uploads\\\/2026\\\/01\\\/cropped-anchor-site-icon.png\",\"width\":512,\"height\":512,\"caption\":\"Ancho Pharmacy\"},\"image\":{\"@id\":\"https:\\\/\\\/biostrandlabs.co.uk\\\/#\\\/schema\\\/logo\\\/image\\\/\"}}]}<\/script>\n<!-- \/ Yoast SEO Premium plugin. -->","yoast_head_json":{"title":"Contactez-nous - Laboratoires BioStrand","robots":{"index":"index","follow":"follow","max-snippet":"max-snippet:-1","max-image-preview":"max-image-preview:large","max-video-preview":"max-video-preview:-1"},"canonical":"https:\/\/biostrandlabs.co.uk\/fr\/nous-contacter\/","og_locale":"fr_FR","og_type":"article","og_title":"Contact Us","og_description":"Contact Us Home Contact Us Get in touch Address Middlesbrough, UK Los Angeles CA, USA phone number +1 323 620-7726 +44 7417 425865 email info@biostrandlabs.co.uk working hours Sunday &#8211; Monday, 08 am &#8211; 03 am","og_url":"https:\/\/biostrandlabs.co.uk\/fr\/nous-contacter\/","og_site_name":"BioStrand Labs","article_modified_time":"2026-01-25T21:49:11+00:00","og_image":[{"url":"https:\/\/klbtheme.com\/medibazar\/wp-content\/uploads\/2020\/10\/contact.jpg","type":"","width":"","height":""}],"twitter_card":"summary_large_image","twitter_misc":{"Dur\u00e9e de lecture estim\u00e9e":"1 minute"},"schema":{"@context":"https:\/\/schema.org","@graph":[{"@type":"WebPage","@id":"https:\/\/biostrandlabs.co.uk\/contact-us\/","url":"https:\/\/biostrandlabs.co.uk\/contact-us\/","name":"Contactez-nous - Laboratoires BioStrand","isPartOf":{"@id":"https:\/\/biostrandlabs.co.uk\/#website"},"primaryImageOfPage":{"@id":"https:\/\/biostrandlabs.co.uk\/contact-us\/#primaryimage"},"image":{"@id":"https:\/\/biostrandlabs.co.uk\/contact-us\/#primaryimage"},"thumbnailUrl":"https:\/\/klbtheme.com\/medibazar\/wp-content\/uploads\/2020\/10\/contact.jpg","datePublished":"2020-10-04T18:05:07+00:00","dateModified":"2026-01-25T21:49:11+00:00","breadcrumb":{"@id":"https:\/\/biostrandlabs.co.uk\/contact-us\/#breadcrumb"},"inLanguage":"fr-FR","potentialAction":[{"@type":"ReadAction","target":["https:\/\/biostrandlabs.co.uk\/contact-us\/"]}]},{"@type":"ImageObject","inLanguage":"fr-FR","@id":"https:\/\/biostrandlabs.co.uk\/contact-us\/#primaryimage","url":"https:\/\/klbtheme.com\/medibazar\/wp-content\/uploads\/2020\/10\/contact.jpg","contentUrl":"https:\/\/klbtheme.com\/medibazar\/wp-content\/uploads\/2020\/10\/contact.jpg"},{"@type":"BreadcrumbList","@id":"https:\/\/biostrandlabs.co.uk\/contact-us\/#breadcrumb","itemListElement":[{"@type":"ListItem","position":1,"name":"Home","item":"https:\/\/biostrandlabs.co.uk\/"},{"@type":"ListItem","position":2,"name":"Contact Us"}]},{"@type":"WebSite","@id":"https:\/\/biostrandlabs.co.uk\/#website","url":"https:\/\/biostrandlabs.co.uk\/","name":"Laboratoires BioStrand","description":"Commandez des m\u00e9dicaments pour la perte de poids et plus encore | Sans ordonnance","publisher":{"@id":"https:\/\/biostrandlabs.co.uk\/#organization"},"alternateName":"BSL","potentialAction":[{"@type":"SearchAction","target":{"@type":"EntryPoint","urlTemplate":"https:\/\/biostrandlabs.co.uk\/?s={search_term_string}"},"query-input":{"@type":"PropertyValueSpecification","valueRequired":true,"valueName":"search_term_string"}}],"inLanguage":"fr-FR"},{"@type":"Organization","@id":"https:\/\/biostrandlabs.co.uk\/#organization","name":"Ancho Pharmacie","url":"https:\/\/biostrandlabs.co.uk\/","logo":{"@type":"ImageObject","inLanguage":"fr-FR","@id":"https:\/\/biostrandlabs.co.uk\/#\/schema\/logo\/image\/","url":"https:\/\/biostrandlabs.co.uk\/wp-content\/uploads\/2026\/01\/cropped-anchor-site-icon.png","contentUrl":"https:\/\/biostrandlabs.co.uk\/wp-content\/uploads\/2026\/01\/cropped-anchor-site-icon.png","width":512,"height":512,"caption":"Ancho Pharmacy"},"image":{"@id":"https:\/\/biostrandlabs.co.uk\/#\/schema\/logo\/image\/"}}]}},"_links":{"self":[{"href":"https:\/\/biostrandlabs.co.uk\/fr\/wp-json\/wp\/v2\/pages\/261","targetHints":{"allow":["GET"]}}],"collection":[{"href":"https:\/\/biostrandlabs.co.uk\/fr\/wp-json\/wp\/v2\/pages"}],"about":[{"href":"https:\/\/biostrandlabs.co.uk\/fr\/wp-json\/wp\/v2\/types\/page"}],"author":[{"embeddable":true,"href":"https:\/\/biostrandlabs.co.uk\/fr\/wp-json\/wp\/v2\/users\/1"}],"replies":[{"embeddable":true,"href":"https:\/\/biostrandlabs.co.uk\/fr\/wp-json\/wp\/v2\/comments?post=261"}],"version-history":[{"count":28,"href":"https:\/\/biostrandlabs.co.uk\/fr\/wp-json\/wp\/v2\/pages\/261\/revisions"}],"predecessor-version":[{"id":1550,"href":"https:\/\/biostrandlabs.co.uk\/fr\/wp-json\/wp\/v2\/pages\/261\/revisions\/1550"}],"wp:attachment":[{"href":"https:\/\/biostrandlabs.co.uk\/fr\/wp-json\/wp\/v2\/media?parent=261"}],"curies":[{"name":"wp","href":"https:\/\/api.w.org\/{rel}","templated":true}]}}