{"id":1746,"date":"2026-01-31T04:02:25","date_gmt":"2026-01-31T04:02:25","guid":{"rendered":"https:\/\/biostrandlabs.co.uk\/?post_type=product&#038;p=1746"},"modified":"2026-01-31T04:02:26","modified_gmt":"2026-01-31T04:02:26","slug":"gouri","status":"publish","type":"product","link":"https:\/\/biostrandlabs.co.uk\/es\/product\/gouri\/","title":{"rendered":"Gouri"},"content":{"rendered":"<p dir=\"auto\">Gouri, es un innovador, con marcado CE inyectable rejuvenecimiento de la piel producto desarrollado por el APK de la Tecnolog\u00eda (Corea del Sur), que contiene 200 mg\/mL de l\u00edquido de policaprolactona (PCL) en una base de agua del veh\u00edculo sin micropart\u00edculas o agentes de reticulaci\u00f3n. A diferencia de los rellenos de \u00e1cido hialur\u00f3nico o PLLA\/PDLLA basado en estimuladores de col\u00e1geno (Sculptra, Ellans\u00e9), Gouri es totalmente l\u00edquido en el momento de la inyecci\u00f3n, permitiendo difundir de manera uniforme a trav\u00e9s de la v\u00eda subcut\u00e1nea y capas profundas de la piel despu\u00e9s de la administraci\u00f3n. Esta caracter\u00edstica \u00fanica permite una amplia neocolag\u00e9nesis (nuevo col\u00e1geno tipo I y III de la producci\u00f3n), fibras de elastina de la regeneraci\u00f3n y remodelaci\u00f3n de la matriz extracelular a trav\u00e9s de grandes \u00e1reas faciales, en lugar de los localizados reposici\u00f3n de volumen.<\/p>\n<h3 dir=\"auto\">Los Principales Mecanismos Y Beneficios<\/h3>\n<ul dir=\"auto\">\n<li>Estimula los fibroblastos a producir nuevo col\u00e1geno y elastina en el transcurso de semanas a meses<\/li>\n<li>Mejora el grosor de la piel, la firmeza y la elasticidad<\/li>\n<li>Reduce las l\u00edneas finas, las arrugas y la flaccidez de la piel<\/li>\n<li>Proporciona gradual, de aspecto natural que levanta y que aprieta<\/li>\n<li>Mejora general de la calidad de la piel, la textura y la luminosidad<\/li>\n<li>Riesgo m\u00ednimo de n\u00f3dulos o granulomas (debido a la forma l\u00edquida y distribuci\u00f3n)<\/li>\n<\/ul>\n<h3 dir=\"auto\">Principales Indicaciones<\/h3>\n<p dir=\"auto\">Gouri se utiliza com\u00fanmente para el mundial de rejuvenecimiento facial en pacientes con:<\/p>\n<ul dir=\"auto\">\n<li>De leve a moderada flacidez de la piel y la flacidez<\/li>\n<li>La p\u00e9rdida de elasticidad y firmeza de la (primera mitad de la etapa de envejecimiento)<\/li>\n<li>Las l\u00edneas finas y extra\u00f1o de la piel<\/li>\n<li>En general la tardanza, textura irregular y baja el tono de la piel<\/li>\n<li>Preventivo anti-envejecimiento en los pacientes m\u00e1s j\u00f3venes (a finales de los 20\u201340 a\u00f1os)<\/li>\n<li>El cuello, el escote y el rejuvenecimiento de manos<\/li>\n<\/ul>\n<h3 dir=\"auto\">Protocolo De Tratamiento<\/h3>\n<ul dir=\"auto\">\n<li><strong>T\u00e9cnica De Inyecci\u00f3n<\/strong> \u2014 Micro-gota o un ventilador de inyecci\u00f3n en el tejido subcut\u00e1neo y capas profundas de la piel utilizando un 25G\u201330G aguja o c\u00e1nula (a menudo 5-10 puntos de entrada por el lado de la cara)<\/li>\n<li><strong>Curso T\u00edpico<\/strong> \u2014 De 2 a 3 sesiones espaciadas de 4 a 8 semanas, con mantenimiento cada 12 a 18 meses<\/li>\n<li><strong>Volumen<\/strong> \u2014 De 2 a 5 mL por sesi\u00f3n (generalmente 1-2 jeringas)<\/li>\n<li><strong>Los Resultados De La L\u00ednea De Tiempo<\/strong> \u2014 Inicial de hidrataci\u00f3n\/reafirmante dentro de los d\u00edas; la progresiva remodelaci\u00f3n del col\u00e1geno y la elevaci\u00f3n visible de 4 a 12 semanas, alcanzando un m\u00e1ximo de 3 a 6 meses y duraci\u00f3n de 12 a 18 meses<\/li>\n<\/ul>\n<h3 dir=\"auto\">Ventajas Sobre Los Tradicionales Rellenos &amp; Estimuladores<\/h3>\n<ul dir=\"auto\">\n<li>Verdaderamente global efecto (no localizada bultos o efecto Tyndall)<\/li>\n<li>Nada artificial, la adici\u00f3n de volumen\u2014resultados provienen del propio paciente, el col\u00e1geno<\/li>\n<li>Alta biocompatibilidad y muy baja inmunogenicidad<\/li>\n<li>M\u00ednimo tiempo de inactividad (leve hinchaz\u00f3n y el enrojecimiento de 1-5 d\u00edas)<\/li>\n<li>De larga duraci\u00f3n con la progresi\u00f3n natural de la mejora<\/li>\n<\/ul>\n<p dir=\"auto\">Comunes efectos secundarios transitorios incluyen hinchaz\u00f3n, enrojecimiento, sensibilidad, moretones, o peque\u00f1as p\u00e1pulas en los sitios de inyecci\u00f3n (soluci\u00f3n dentro de 3-10 d\u00edas). Complicaciones poco frecuentes pueden incluir inflamaci\u00f3n prolongada, la asimetr\u00eda, la infecci\u00f3n, o de hipersensibilidad retardada adecuado de las t\u00e9cnicas de asepsia, los conocimientos anat\u00f3micos, y la lentitud de la inyecci\u00f3n son esenciales.<\/p>\n<p dir=\"auto\">Como de 2026, Gouri, es el marcado CE y ampliamente utilizado en Europa, Asia, Oriente Medio, Am\u00e9rica latina y otras regiones, pero es <strong>no aprobado por la FDA<\/strong> en los Estados unidos (donde col\u00e1geno similar estimuladores incluyen Sculptra, Radiesse, y Ellans\u00e9). S\u00f3lo debe ser administrado por personal capacitado m\u00e9dicos est\u00e9ticos, dermat\u00f3logos o cirujanos pl\u00e1sticos con experiencia en mesoterapia, impulsores de la piel y estimulante de col\u00e1geno inyectables.<\/p>\n<p dir=\"auto\">Siempre se combinan Gouri tratamientos con integral de pre-tratamiento de consulta, historia cl\u00ednica examen, expectativa realista de configuraci\u00f3n, y las instrucciones post-tratamiento (evitar el ejercicio f\u00edsico intenso, el calor, el alcohol y ciertos activos para el cuidado de la piel para 48-72 horas). Los resultados se han mejorado y prolongada cuando se combina con un buen cuidado de la piel, protecci\u00f3n solar, hidrataci\u00f3n y h\u00e1bitos de vida saludables. Consulte con un t\u00e9cnico de inyector para una evaluaci\u00f3n personalizada y para determinar si Gouri es adecuado para el rejuvenecimiento de la piel y el levantamiento de metas.<\/p>","protected":false},"excerpt":{"rendered":"<p dir=\"auto\">Comprar Gouri, un revolucionario 100% l\u00edquido de policaprolactona (PCL) de col\u00e1geno estimulador de Corea del Sur. A diferencia de los tradicionales HA rellenos, Gouri extiende uniformemente despu\u00e9s de la inyecci\u00f3n para estimular la neocolag\u00e9nesis en toda la cara, mejora la elasticidad de la piel, reducir las l\u00edneas finas, estiramiento de la piel fl\u00e1cida, y la entrega de natural, de larga duraci\u00f3n rejuvenecimiento hasta 12-18 meses\u2014ideal para global anti-edad, reafirmante de la piel, y el levantamiento de sin la adici\u00f3n artificial de volumen.<\/p>","protected":false},"featured_media":1747,"template":"","meta":[],"product_brand":[],"product_cat":[52],"product_tag":[581,612,615,614,618,616,613,617],"class_list":{"0":"post-1746","1":"product","2":"type-product","3":"status-publish","4":"has-post-thumbnail","6":"product_cat-collagen-stimulators","7":"product_tag-anti-aging-injectable","8":"product_tag-gouri-pcl","9":"product_tag-korean-skin-rejuvenation","10":"product_tag-liquid-collagen-stimulator","11":"product_tag-natural-lifting-filler","12":"product_tag-neocollagenesis-treatment","13":"product_tag-polycaprolactone-skin-booster","14":"product_tag-skin-tightening-booster","16":"first","17":"instock","18":"shipping-taxable","19":"purchasable","20":"product-type-simple"},"yoast_head":"<!-- This site is optimized with the Yoast SEO Premium plugin v26.7 (Yoast SEO v26.7) - https:\/\/yoast.com\/wordpress\/plugins\/seo\/ -->\n<title>Buy Gouri | Discreet Delivery, Bulk Order<\/title>\n<meta name=\"description\" content=\"Buy Gouri, a revolutionary 100% liquid polycaprolactone (PCL) collagen stimulator. Unlike traditional HA fillers, Gouri spreads evenly after injection\" \/>\n<meta name=\"robots\" content=\"index, follow, max-snippet:-1, max-image-preview:large, max-video-preview:-1\" \/>\n<link rel=\"canonical\" href=\"https:\/\/biostrandlabs.co.uk\/es\/product\/gouri\/\" \/>\n<meta property=\"og:locale\" content=\"es_ES\" \/>\n<meta property=\"og:type\" content=\"article\" \/>\n<meta property=\"og:title\" content=\"Gouri\" \/>\n<meta property=\"og:description\" content=\"Buy Gouri, a revolutionary 100% liquid polycaprolactone (PCL) collagen stimulator. Unlike traditional HA fillers, Gouri spreads evenly after injection\" \/>\n<meta property=\"og:url\" content=\"https:\/\/biostrandlabs.co.uk\/es\/product\/gouri\/\" \/>\n<meta property=\"og:site_name\" content=\"BioStrand Labs\" \/>\n<meta property=\"article:modified_time\" content=\"2026-01-31T04:02:26+00:00\" \/>\n<meta property=\"og:image\" content=\"https:\/\/biostrandlabs.co.uk\/wp-content\/uploads\/2026\/01\/Buy-Gouri-online.jpeg\" \/>\n\t<meta property=\"og:image:width\" content=\"800\" \/>\n\t<meta property=\"og:image:height\" content=\"800\" \/>\n\t<meta property=\"og:image:type\" content=\"image\/jpeg\" \/>\n<meta name=\"twitter:card\" content=\"summary_large_image\" \/>\n<meta name=\"twitter:label1\" content=\"Tiempo de lectura\" \/>\n\t<meta name=\"twitter:data1\" content=\"3 minutos\" \/>\n<script type=\"application\/ld+json\" class=\"yoast-schema-graph\">{\"@context\":\"https:\/\/schema.org\",\"@graph\":[{\"@type\":\"WebPage\",\"@id\":\"https:\/\/biostrandlabs.co.uk\/product\/gouri\/\",\"url\":\"https:\/\/biostrandlabs.co.uk\/product\/gouri\/\",\"name\":\"Buy Gouri | Discreet Delivery, Bulk Order\",\"isPartOf\":{\"@id\":\"https:\/\/biostrandlabs.co.uk\/#website\"},\"primaryImageOfPage\":{\"@id\":\"https:\/\/biostrandlabs.co.uk\/product\/gouri\/#primaryimage\"},\"image\":{\"@id\":\"https:\/\/biostrandlabs.co.uk\/product\/gouri\/#primaryimage\"},\"thumbnailUrl\":\"https:\/\/biostrandlabs.co.uk\/wp-content\/uploads\/2026\/01\/Buy-Gouri-online.jpeg\",\"datePublished\":\"2026-01-31T04:02:25+00:00\",\"dateModified\":\"2026-01-31T04:02:26+00:00\",\"description\":\"Buy Gouri, a revolutionary 100% liquid polycaprolactone (PCL) collagen stimulator. Unlike traditional HA fillers, Gouri spreads evenly after injection\",\"breadcrumb\":{\"@id\":\"https:\/\/biostrandlabs.co.uk\/product\/gouri\/#breadcrumb\"},\"inLanguage\":\"es\",\"potentialAction\":[{\"@type\":\"ReadAction\",\"target\":[\"https:\/\/biostrandlabs.co.uk\/product\/gouri\/\"]}]},{\"@type\":\"ImageObject\",\"inLanguage\":\"es\",\"@id\":\"https:\/\/biostrandlabs.co.uk\/product\/gouri\/#primaryimage\",\"url\":\"https:\/\/biostrandlabs.co.uk\/wp-content\/uploads\/2026\/01\/Buy-Gouri-online.jpeg\",\"contentUrl\":\"https:\/\/biostrandlabs.co.uk\/wp-content\/uploads\/2026\/01\/Buy-Gouri-online.jpeg\",\"width\":800,\"height\":800,\"caption\":\"Gouri\"},{\"@type\":\"BreadcrumbList\",\"@id\":\"https:\/\/biostrandlabs.co.uk\/product\/gouri\/#breadcrumb\",\"itemListElement\":[{\"@type\":\"ListItem\",\"position\":1,\"name\":\"Home\",\"item\":\"https:\/\/biostrandlabs.co.uk\/\"},{\"@type\":\"ListItem\",\"position\":2,\"name\":\"Shop\",\"item\":\"https:\/\/biostrandlabs.co.uk\/shop\/\"},{\"@type\":\"ListItem\",\"position\":3,\"name\":\"Gouri\"}]},{\"@type\":\"WebSite\",\"@id\":\"https:\/\/biostrandlabs.co.uk\/#website\",\"url\":\"https:\/\/biostrandlabs.co.uk\/\",\"name\":\"Ancho Pharmacy\",\"description\":\"Order Weight-loss drugs and more | No Prescription Required\",\"publisher\":{\"@id\":\"https:\/\/biostrandlabs.co.uk\/#organization\"},\"potentialAction\":[{\"@type\":\"SearchAction\",\"target\":{\"@type\":\"EntryPoint\",\"urlTemplate\":\"https:\/\/biostrandlabs.co.uk\/?s={search_term_string}\"},\"query-input\":{\"@type\":\"PropertyValueSpecification\",\"valueRequired\":true,\"valueName\":\"search_term_string\"}}],\"inLanguage\":\"es\"},{\"@type\":\"Organization\",\"@id\":\"https:\/\/biostrandlabs.co.uk\/#organization\",\"name\":\"Ancho Pharmacy\",\"url\":\"https:\/\/biostrandlabs.co.uk\/\",\"logo\":{\"@type\":\"ImageObject\",\"inLanguage\":\"es\",\"@id\":\"https:\/\/biostrandlabs.co.uk\/#\/schema\/logo\/image\/\",\"url\":\"https:\/\/biostrandlabs.co.uk\/wp-content\/uploads\/2026\/01\/cropped-anchor-site-icon.png\",\"contentUrl\":\"https:\/\/biostrandlabs.co.uk\/wp-content\/uploads\/2026\/01\/cropped-anchor-site-icon.png\",\"width\":512,\"height\":512,\"caption\":\"Ancho Pharmacy\"},\"image\":{\"@id\":\"https:\/\/biostrandlabs.co.uk\/#\/schema\/logo\/image\/\"}}]}<\/script>\n<!-- \/ Yoast SEO Premium plugin. -->","yoast_head_json":{"title":"Comprar Gouri | Entrega discreta, pedidos al por mayor","description":"Compre Gouri, un revolucionario estimulador de col\u00e1geno 100 % l\u00edquido de policaprolactona (PCL). A diferencia de los rellenos tradicionales de \u00e1cido hialur\u00f3nico, Gouri se distribuye uniformemente tras la inyecci\u00f3n.","robots":{"index":"index","follow":"follow","max-snippet":"max-snippet:-1","max-image-preview":"max-image-preview:large","max-video-preview":"max-video-preview:-1"},"canonical":"https:\/\/biostrandlabs.co.uk\/es\/product\/gouri\/","og_locale":"es_ES","og_type":"article","og_title":"Gouri","og_description":"Buy Gouri, a revolutionary 100% liquid polycaprolactone (PCL) collagen stimulator. Unlike traditional HA fillers, Gouri spreads evenly after injection","og_url":"https:\/\/biostrandlabs.co.uk\/es\/product\/gouri\/","og_site_name":"BioStrand Labs","article_modified_time":"2026-01-31T04:02:26+00:00","og_image":[{"width":800,"height":800,"url":"https:\/\/biostrandlabs.co.uk\/wp-content\/uploads\/2026\/01\/Buy-Gouri-online.jpeg","type":"image\/jpeg"}],"twitter_card":"summary_large_image","twitter_misc":{"Tiempo de lectura":"3 minutos"},"schema":{"@context":"https:\/\/schema.org","@graph":[{"@type":"WebPage","@id":"https:\/\/biostrandlabs.co.uk\/product\/gouri\/","url":"https:\/\/biostrandlabs.co.uk\/product\/gouri\/","name":"Comprar Gouri | Entrega discreta, pedidos al por mayor","isPartOf":{"@id":"https:\/\/biostrandlabs.co.uk\/#website"},"primaryImageOfPage":{"@id":"https:\/\/biostrandlabs.co.uk\/product\/gouri\/#primaryimage"},"image":{"@id":"https:\/\/biostrandlabs.co.uk\/product\/gouri\/#primaryimage"},"thumbnailUrl":"https:\/\/biostrandlabs.co.uk\/wp-content\/uploads\/2026\/01\/Buy-Gouri-online.jpeg","datePublished":"2026-01-31T04:02:25+00:00","dateModified":"2026-01-31T04:02:26+00:00","description":"Compre Gouri, un revolucionario estimulador de col\u00e1geno 100 % l\u00edquido de policaprolactona (PCL). A diferencia de los rellenos tradicionales de \u00e1cido hialur\u00f3nico, Gouri se distribuye uniformemente tras la inyecci\u00f3n.","breadcrumb":{"@id":"https:\/\/biostrandlabs.co.uk\/product\/gouri\/#breadcrumb"},"inLanguage":"es","potentialAction":[{"@type":"ReadAction","target":["https:\/\/biostrandlabs.co.uk\/product\/gouri\/"]}]},{"@type":"ImageObject","inLanguage":"es","@id":"https:\/\/biostrandlabs.co.uk\/product\/gouri\/#primaryimage","url":"https:\/\/biostrandlabs.co.uk\/wp-content\/uploads\/2026\/01\/Buy-Gouri-online.jpeg","contentUrl":"https:\/\/biostrandlabs.co.uk\/wp-content\/uploads\/2026\/01\/Buy-Gouri-online.jpeg","width":800,"height":800,"caption":"Gouri"},{"@type":"BreadcrumbList","@id":"https:\/\/biostrandlabs.co.uk\/product\/gouri\/#breadcrumb","itemListElement":[{"@type":"ListItem","position":1,"name":"Home","item":"https:\/\/biostrandlabs.co.uk\/"},{"@type":"ListItem","position":2,"name":"Shop","item":"https:\/\/biostrandlabs.co.uk\/shop\/"},{"@type":"ListItem","position":3,"name":"Gouri"}]},{"@type":"WebSite","@id":"https:\/\/biostrandlabs.co.uk\/#website","url":"https:\/\/biostrandlabs.co.uk\/","name":"Pharmacie Ancho","description":"Order Weight-loss drugs and more | No Prescription Required","publisher":{"@id":"https:\/\/biostrandlabs.co.uk\/#organization"},"potentialAction":[{"@type":"SearchAction","target":{"@type":"EntryPoint","urlTemplate":"https:\/\/biostrandlabs.co.uk\/?s={search_term_string}"},"query-input":{"@type":"PropertyValueSpecification","valueRequired":true,"valueName":"search_term_string"}}],"inLanguage":"es"},{"@type":"Organization","@id":"https:\/\/biostrandlabs.co.uk\/#organization","name":"Pharmacie Ancho","url":"https:\/\/biostrandlabs.co.uk\/","logo":{"@type":"ImageObject","inLanguage":"es","@id":"https:\/\/biostrandlabs.co.uk\/#\/schema\/logo\/image\/","url":"https:\/\/biostrandlabs.co.uk\/wp-content\/uploads\/2026\/01\/cropped-anchor-site-icon.png","contentUrl":"https:\/\/biostrandlabs.co.uk\/wp-content\/uploads\/2026\/01\/cropped-anchor-site-icon.png","width":512,"height":512,"caption":"Ancho Pharmacy"},"image":{"@id":"https:\/\/biostrandlabs.co.uk\/#\/schema\/logo\/image\/"}}]}},"_links":{"self":[{"href":"https:\/\/biostrandlabs.co.uk\/es\/wp-json\/wp\/v2\/product\/1746","targetHints":{"allow":["GET"]}}],"collection":[{"href":"https:\/\/biostrandlabs.co.uk\/es\/wp-json\/wp\/v2\/product"}],"about":[{"href":"https:\/\/biostrandlabs.co.uk\/es\/wp-json\/wp\/v2\/types\/product"}],"wp:featuredmedia":[{"embeddable":true,"href":"https:\/\/biostrandlabs.co.uk\/es\/wp-json\/wp\/v2\/media\/1747"}],"wp:attachment":[{"href":"https:\/\/biostrandlabs.co.uk\/es\/wp-json\/wp\/v2\/media?parent=1746"}],"wp:term":[{"taxonomy":"product_brand","embeddable":true,"href":"https:\/\/biostrandlabs.co.uk\/es\/wp-json\/wp\/v2\/product_brand?post=1746"},{"taxonomy":"product_cat","embeddable":true,"href":"https:\/\/biostrandlabs.co.uk\/es\/wp-json\/wp\/v2\/product_cat?post=1746"},{"taxonomy":"product_tag","embeddable":true,"href":"https:\/\/biostrandlabs.co.uk\/es\/wp-json\/wp\/v2\/product_tag?post=1746"}],"curies":[{"name":"wp","href":"https:\/\/api.w.org\/{rel}","templated":true}]}}